{"id":108,"date":"2025-11-14T01:55:17","date_gmt":"2025-11-14T01:55:17","guid":{"rendered":"https:\/\/fki.unimel.edu.my\/?page_id=108"},"modified":"2026-04-23T07:36:42","modified_gmt":"2026-04-23T07:36:42","slug":"elementor-108","status":"publish","type":"page","link":"https:\/\/fki.unimel.edu.my\/index.php\/elementor-108\/","title":{"rendered":"DIPLOMA USULUDDIN"},"content":{"rendered":"\t\t<div data-elementor-type=\"wp-page\" data-elementor-id=\"108\" class=\"elementor elementor-108\">\n\t\t\t\t<div class=\"elementor-element elementor-element-6fcff0b e-flex e-con-boxed e-con e-parent\" data-id=\"6fcff0b\" data-element_type=\"container\" data-e-type=\"container\">\n\t\t\t\t\t<div class=\"e-con-inner\">\n\t\t\t\t\t<\/div>\n\t\t\t\t<\/div>\n\t\t<div class=\"elementor-element elementor-element-2866bd7a e-flex e-con-boxed e-con e-parent\" data-id=\"2866bd7a\" data-element_type=\"container\" data-e-type=\"container\" data-settings=\"{&quot;background_background&quot;:&quot;classic&quot;}\">\n\t\t\t\t\t<div class=\"e-con-inner\">\n\t\t<div class=\"elementor-element elementor-element-174235ac e-con-full e-flex e-con e-child\" data-id=\"174235ac\" data-element_type=\"container\" data-e-type=\"container\">\n\t\t\t\t<div class=\"elementor-element elementor-element-365d1300 elementor-widget elementor-widget-heading\" data-id=\"365d1300\" data-element_type=\"widget\" data-e-type=\"widget\" data-widget_type=\"heading.default\">\n\t\t\t\t\t<h2 class=\"elementor-heading-title elementor-size-default\">DIPLOMA USULUDIN<\/h2>\t\t\t\t<\/div>\n\t\t\t\t<div class=\"elementor-element elementor-element-78b80794 elementor-widget elementor-widget-heading\" data-id=\"78b80794\" data-element_type=\"widget\" data-e-type=\"widget\" data-widget_type=\"heading.default\">\n\t\t\t\t\t<h5 class=\"elementor-heading-title elementor-size-default\">(R3\/221\/4\/0051A)<\/h5>\t\t\t\t<\/div>\n\t\t\t\t<div class=\"elementor-element elementor-element-37ff3b72 elementor-widget elementor-widget-text-editor\" data-id=\"37ff3b72\" data-element_type=\"widget\" data-e-type=\"widget\" data-widget_type=\"text-editor.default\">\n\t\t\t\t\t\t\t\t\t<p>Program <strong data-start=\"248\" data-end=\"261\">Usuluddin<\/strong> pada peringkat <strong data-start=\"277\" data-end=\"304\">Diploma Pengajian Islam<\/strong> merupakan satu program pengajian asas yang memberi tumpuan kepada pemahaman teras <strong data-start=\"387\" data-end=\"413\">al-\u2018Ul\u016bm al-Isl\u0101miyyah<\/strong> secara menyeluruh dan sistematik. Ia dirancang untuk melahirkan pelajar yang memiliki asas yang kukuh dalam ilmu <strong data-start=\"527\" data-end=\"541\">al-\u2018Aq\u012bdah<\/strong>, <strong data-start=\"543\" data-end=\"562\">\u2018Ul\u016bm al-Qur\u2019\u0101n<\/strong>, <strong data-start=\"564\" data-end=\"583\">\u2018Ul\u016bm al-\u1e24ad\u012bth<\/strong>, <strong data-start=\"585\" data-end=\"606\">al-Fikr al-Isl\u0101m\u012b<\/strong>, serta disiplin ilmu tradisional Islam yang lain.<\/p>\t\t\t\t\t\t\t\t<\/div>\n\t\t\t\t<\/div>\n\t\t<div class=\"elementor-element elementor-element-7c5232e9 e-con-full e-flex e-con e-child\" data-id=\"7c5232e9\" data-element_type=\"container\" data-e-type=\"container\">\n\t\t\t\t<div class=\"elementor-element elementor-element-5609a0fc elementor-widget elementor-widget-image\" data-id=\"5609a0fc\" data-element_type=\"widget\" data-e-type=\"widget\" data-widget_type=\"image.default\">\n\t\t\t\t\t\t\t\t\t\t\t\t\t\t\t<img fetchpriority=\"high\" decoding=\"async\" width=\"800\" height=\"533\" src=\"https:\/\/fki.unimel.edu.my\/wp-content\/uploads\/2026\/04\/ChatGPT-Image-Apr-23-2026-03_34_13-PM.png\" class=\"attachment-large size-large wp-image-347\" alt=\"\" \/>\t\t\t\t\t\t\t\t\t\t\t\t\t\t\t<\/div>\n\t\t\t\t<\/div>\n\t\t\t\t\t<\/div>\n\t\t\t\t<\/div>\n\t\t<div class=\"elementor-element elementor-element-3d794ed6 e-grid e-con-boxed e-con e-parent\" data-id=\"3d794ed6\" data-element_type=\"container\" data-e-type=\"container\">\n\t\t\t\t\t<div class=\"e-con-inner\">\n\t\t<div class=\"elementor-element elementor-element-409daf08 e-con-full e-flex e-con e-child\" data-id=\"409daf08\" data-element_type=\"container\" data-e-type=\"container\">\n\t\t\t\t<div class=\"elementor-element elementor-element-569e8b4 elementor-widget elementor-widget-heading\" data-id=\"569e8b4\" data-element_type=\"widget\" data-e-type=\"widget\" data-widget_type=\"heading.default\">\n\t\t\t\t\t<h3 class=\"elementor-heading-title elementor-size-default\">SYARAT KEMASUKAN<\/h3>\t\t\t\t<\/div>\n\t\t\t\t<div class=\"elementor-element elementor-element-1f2814bf elementor-widget elementor-widget-text-editor\" data-id=\"1f2814bf\" data-element_type=\"widget\" data-e-type=\"widget\" data-widget_type=\"text-editor.default\">\n\t\t\t\t\t\t\t\t\t<p>\u00a0<\/p><ol><li><strong>LULUS\u00a0<\/strong>Sijil Pelajaran Malaysia (SPM)\u00a0dengan 3\u00a0kredit termasuk Bahasa Melayu\u00a0<strong>DAN<\/strong>\u00a0dua (2) mata pelajaran lain\u00a0<strong>DAN LULUS<\/strong>\u00a0Bahasa Arab (Komunikasi\/Tinggi)\/Pendidikan al-Quran &amp; al-Sunnah\/Pendidikan Syariah Islamiah dan satu (1) mata pelajaran lain\u00a0<strong>ATAU;<\/strong><\/li><li><strong>LULUS\u00a0<\/strong>mana-mana sijil yang diiktiraf oleh<strong>\u00a0<\/strong>Malaysian Qualification Agency (MQA)\u00a0<strong>ATAU;<\/strong><\/li><li>Kelayakan lain yang diiktiraf setara dengannya oleh Kerajaan Malaysia<\/li><li>Pemohon digalakkan mempunyai latar belakang pengajian Islam.<\/li><\/ol>\t\t\t\t\t\t\t\t<\/div>\n\t\t\t\t<\/div>\n\t\t<div class=\"elementor-element elementor-element-c9fdacf e-con-full e-flex e-con e-child\" data-id=\"c9fdacf\" data-element_type=\"container\" data-e-type=\"container\">\n\t\t\t\t<div class=\"elementor-element elementor-element-26cd62c4 elementor-widget elementor-widget-heading\" data-id=\"26cd62c4\" data-element_type=\"widget\" data-e-type=\"widget\" data-widget_type=\"heading.default\">\n\t\t\t\t\t<h3 class=\"elementor-heading-title elementor-size-default\">STRUKTUR PROGRAM<\/h3>\t\t\t\t<\/div>\n\t\t\t\t<div class=\"elementor-element elementor-element-64b22275 elementor-widget elementor-widget-text-editor\" data-id=\"64b22275\" data-element_type=\"widget\" data-e-type=\"widget\" data-widget_type=\"text-editor.default\">\n\t\t\t\t\t\t\t\t\t<p><strong>Struktur Program Diploma Usuluddin \/ Pengajian Islam<\/strong><\/p><p><strong>Semester 1<\/strong><\/p><ul><li>Ulum al-Quran<\/li><li>Hadith Teks<\/li><li>Tauhid<\/li><li>Fiqh Ibadat<\/li><li>Nuzum Islam<\/li><li>Pengajian Islam<\/li><\/ul><p><strong>Semester 2<\/strong><\/p><ul><li>Hifz al-Quran<\/li><li>Khitabah wa Dakwah<\/li><li>Nahw wa Sarf<\/li><li>Tasauf Islami<\/li><li>Kemahiran Bahasa Inggeris<\/li><li>Pengajian Islam<\/li><li>Adab Balaqah<\/li><\/ul><p><strong>Semester 3<\/strong><\/p><ul><li>Falsafah Islam<\/li><li>Ulum al-Hadith<\/li><li>Dakwah Islamiah<\/li><li>Tafsir Maudhui<\/li><li>Kurikulum<\/li><li>Perbandingan Agama<\/li><\/ul><p><strong>Semester 4<\/strong><\/p><ul><li>Fiqh Muamalat dan Jinayat<\/li><li>Asas Statistik<\/li><li>Mantiq<\/li><li>Kemahiran Bahasa Inggeris 2<\/li><li>Elektif<\/li><li>Hadith<\/li><\/ul><p><strong>Semester 5<\/strong><\/p><ul><li>Tafsir Tahlili<\/li><li>Ilmu al-Rijal wa al-Muhaddithin<\/li><li>Manahij Mufassirin<\/li><li>Sirah Tahliliyyah<\/li><li>Hifz al-Quran 2<\/li><li>Kaedah Penyelidikan<\/li><li>Latihan Amali<\/li><\/ul><p><strong>Semester 6<\/strong><\/p><ul><li>Bahasa Inggeris untuk Tujuan Khas<\/li><li>Islam and Ideologi<\/li><li>Dakhil fi Tafsir<\/li><li>Kertas Projek<\/li><li>Aqidah Islamiah<\/li><\/ul><p><strong>Subjek Elektif (Elective Subjects)<\/strong><\/p><ul><li>Pemakanan dalam Islam<\/li><li>Pengurusan Perbankan Islam<\/li><li>Komunikasi Islam<\/li><li>Pengucapan Awam<\/li><li>Pengenalan Psikologi Islam<\/li><li>Undang-undang Perniagaan<\/li><\/ul>\t\t\t\t\t\t\t\t<\/div>\n\t\t\t\t<\/div>\n\t\t<div class=\"elementor-element elementor-element-546a70bf e-con-full e-flex e-con e-child\" data-id=\"546a70bf\" data-element_type=\"container\" data-e-type=\"container\">\n\t\t\t\t<div class=\"elementor-element elementor-element-27253545 elementor-widget elementor-widget-heading\" data-id=\"27253545\" data-element_type=\"widget\" data-e-type=\"widget\" data-widget_type=\"heading.default\">\n\t\t\t\t\t<h3 class=\"elementor-heading-title elementor-size-default\">MANFAAT &amp; PELUANG KERJAYA<\/h3>\t\t\t\t<\/div>\n\t\t\t\t<div class=\"elementor-element elementor-element-1fd4c2e2 elementor-widget elementor-widget-text-editor\" data-id=\"1fd4c2e2\" data-element_type=\"widget\" data-e-type=\"widget\" data-widget_type=\"text-editor.default\">\n\t\t\t\t\t\t\t\t\t<table border=\"0\"><tbody><tr><td colspan=\"3\" scope=\"col\"><strong>Prospek Kerjaya :<\/strong><\/td><\/tr><tr><td colspan=\"3\" scope=\"col\"><ol><li>Penolong Pegawai Hal Ehwal Islam\u00a0<\/li><li>Penolong Pegawai Tadbir<\/li><li>Imam<\/li><li>Guru Agama\/Pendakwah<\/li><\/ol><\/td><\/tr><\/tbody><\/table>\t\t\t\t\t\t\t\t<\/div>\n\t\t\t\t<\/div>\n\t\t\t\t\t<\/div>\n\t\t\t\t<\/div>\n\t\t<div class=\"elementor-element elementor-element-5faa4786 e-flex e-con-boxed e-con e-parent\" data-id=\"5faa4786\" data-element_type=\"container\" data-e-type=\"container\">\n\t\t\t\t\t<div class=\"e-con-inner\">\n\t\t\t\t<div class=\"elementor-element elementor-element-29bfc93d elementor-widget elementor-widget-button\" data-id=\"29bfc93d\" data-element_type=\"widget\" data-e-type=\"widget\" data-widget_type=\"button.default\">\n\t\t\t\t\t\t\t\t\t\t<a class=\"elementor-button elementor-button-link elementor-size-sm\" href=\"https:\/\/www.register.unimel.edu.my\">\n\t\t\t\t\t\t<span class=\"elementor-button-content-wrapper\">\n\t\t\t\t\t\t\t\t\t<span class=\"elementor-button-text\">MOHON SEKARANG<\/span>\n\t\t\t\t\t<\/span>\n\t\t\t\t\t<\/a>\n\t\t\t\t\t\t\t\t<\/div>\n\t\t\t\t\t<\/div>\n\t\t\t\t<\/div>\n\t\t\t\t<\/div>\n\t\t","protected":false},"excerpt":{"rendered":"<p>DIPLOMA USULUDIN (R3\/221\/4\/0051A) Program Usuluddin pada peringkat Diploma Pengajian Islam merupakan satu program pengajian asas yang memberi tumpuan kepada pemahaman teras al-\u2018Ul\u016bm al-Isl\u0101miyyah secara menyeluruh dan sistematik. Ia dirancang untuk melahirkan pelajar yang memiliki asas yang kukuh dalam ilmu al-\u2018Aq\u012bdah, \u2018Ul\u016bm al-Qur\u2019\u0101n, \u2018Ul\u016bm al-\u1e24ad\u012bth, al-Fikr al-Isl\u0101m\u012b, serta disiplin ilmu tradisional Islam yang lain. SYARAT KEMASUKAN [&hellip;]<\/p>\n","protected":false},"author":1,"featured_media":0,"parent":0,"menu_order":0,"comment_status":"closed","ping_status":"closed","template":"","meta":{"footnotes":""},"class_list":["post-108","page","type-page","status-publish","hentry"],"_links":{"self":[{"href":"https:\/\/fki.unimel.edu.my\/index.php\/wp-json\/wp\/v2\/pages\/108","targetHints":{"allow":["GET"]}}],"collection":[{"href":"https:\/\/fki.unimel.edu.my\/index.php\/wp-json\/wp\/v2\/pages"}],"about":[{"href":"https:\/\/fki.unimel.edu.my\/index.php\/wp-json\/wp\/v2\/types\/page"}],"author":[{"embeddable":true,"href":"https:\/\/fki.unimel.edu.my\/index.php\/wp-json\/wp\/v2\/users\/1"}],"replies":[{"embeddable":true,"href":"https:\/\/fki.unimel.edu.my\/index.php\/wp-json\/wp\/v2\/comments?post=108"}],"version-history":[{"count":28,"href":"https:\/\/fki.unimel.edu.my\/index.php\/wp-json\/wp\/v2\/pages\/108\/revisions"}],"predecessor-version":[{"id":353,"href":"https:\/\/fki.unimel.edu.my\/index.php\/wp-json\/wp\/v2\/pages\/108\/revisions\/353"}],"wp:attachment":[{"href":"https:\/\/fki.unimel.edu.my\/index.php\/wp-json\/wp\/v2\/media?parent=108"}],"curies":[{"name":"wp","href":"https:\/\/api.w.org\/{rel}","templated":true}]}}